{"id":25,"date":"2015-07-08T08:00:18","date_gmt":"2015-07-08T08:00:18","guid":{"rendered":"http:\/\/farmacies.ecoceutics.com\/?page_id=25"},"modified":"2015-11-09T13:51:25","modified_gmt":"2015-11-09T13:51:25","slug":"quienes-somos","status":"publish","type":"page","link":"https:\/\/www.farmaciatura.com\/es\/quienes-somos\/","title":{"rendered":"Qui\u00e9nes somos"},"content":{"rendered":"<section class=\"wpb-content-wrapper\"><p>[vc_row full_width=\u00bb\u00bb parallax=\u00bb\u00bb parallax_image=\u00bb\u00bb has_content=\u00bbtrue\u00bb][vc_column width=\u00bb1\/4&#8243;][vc_column_text]<img loading=\"lazy\" decoding=\"async\" class=\"alignnone wp-image-359 size-full\" src=\"http:\/\/www.farmaciatura.com\/es\/wp-content\/uploads\/sites\/5\/2015\/07\/img-quisom-11.jpg\" alt=\"\" width=\"1024\" height=\"869\" srcset=\"https:\/\/www.farmaciatura.com\/es\/wp-content\/uploads\/sites\/5\/2015\/07\/img-quisom-11.jpg 1024w, https:\/\/www.farmaciatura.com\/es\/wp-content\/uploads\/sites\/5\/2015\/07\/img-quisom-11-300x255.jpg 300w, https:\/\/www.farmaciatura.com\/es\/wp-content\/uploads\/sites\/5\/2015\/07\/img-quisom-11-370x314.jpg 370w, https:\/\/www.farmaciatura.com\/es\/wp-content\/uploads\/sites\/5\/2015\/07\/img-quisom-11-360x306.jpg 360w\" sizes=\"auto, (max-width: 1024px) 100vw, 1024px\" \/><img loading=\"lazy\" decoding=\"async\" class=\"alignnone wp-image-360 size-full\" src=\"http:\/\/www.farmaciatura.com\/es\/wp-content\/uploads\/sites\/5\/2015\/07\/img-quisom-21.jpg\" alt=\"\" width=\"1024\" height=\"869\" srcset=\"https:\/\/www.farmaciatura.com\/es\/wp-content\/uploads\/sites\/5\/2015\/07\/img-quisom-21.jpg 1024w, https:\/\/www.farmaciatura.com\/es\/wp-content\/uploads\/sites\/5\/2015\/07\/img-quisom-21-300x255.jpg 300w, https:\/\/www.farmaciatura.com\/es\/wp-content\/uploads\/sites\/5\/2015\/07\/img-quisom-21-370x314.jpg 370w, https:\/\/www.farmaciatura.com\/es\/wp-content\/uploads\/sites\/5\/2015\/07\/img-quisom-21-360x306.jpg 360w\" sizes=\"auto, (max-width: 1024px) 100vw, 1024px\" \/>[\/vc_column_text][\/vc_column][vc_column width=\u00bb3\/4&#8243;][vc_column_text]Estamos en Sta. Coloma de Cervell\u00f3 desde el a\u00f1o 1986, primero en la Plaza Constituci\u00f3n y en la parafarm\u00e1cia de la Colonia G\u00fcell en la Plaza Eusebi G\u00fcell. Nos trasladamos a nuestra actual direcci\u00f3n Avenida Sta. Coloma en el a\u00f1o 1988.<\/p>\n<p>&nbsp;<\/p>\n<p>Nos consideramos un espacio de salud con \u00e1nimo de escuchar y aconsejar lo mejor para que nuestros clientes puedan disfrutar de una mejor calidad de vida.<\/p>\n<p>&nbsp;<\/p>\n<p>Un equipo profesional, a tu lado!<\/p>\n<p>&nbsp;<\/p>\n<ul>\n<li><strong>Jaume Turallado.<\/strong> Farmac\u00e9utico titular.<\/li>\n<li><strong>Dalida Forner.<\/strong> Licenciada en Biolog\u00eda, especialista en Fitoterapia.<\/li>\n<li><strong>Maria Jose Caballero.<\/strong> Farmac\u00e9utica substituta, especialista en Homeopat\u00eda i Aromaterapia.<\/li>\n<li><strong>Marta Fern\u00e1ndez. <\/strong> Auxiliar diplomada en farmacia, especialista en Complementos Alimentarios.<\/li>\n<li><strong>Antonia Nogales.<\/strong> Auxiliar diplomada en farmacia, especialista en Dermocosm\u00e9tica.<\/li>\n<li><strong>Carmen Grau.<\/strong> Auxiliar diplomada en farmacia, especialista en Dermocosm\u00e9tica y Salud Capilar.<\/li>\n<li><strong>Mireia Jove.<\/strong> Auxiliar diploma en farmacia, especialista en Linia Infantil.<\/li>\n<li><strong>Cristina Salado.<\/strong> Estudiante de farmacia.<\/li>\n<\/ul>\n<p>[\/vc_column_text][\/vc_column][\/vc_row]<\/p>\n<\/section>","protected":false},"excerpt":{"rendered":"<p>[vc_row full_width=\u00bb\u00bb parallax=\u00bb\u00bb parallax_image=\u00bb\u00bb has_content=\u00bbtrue\u00bb][vc_column width=\u00bb1\/4&#8243;][vc_column_text][\/vc_column_text][\/vc_column][vc_column width=\u00bb3\/4&#8243;][vc_column_text]Estamos en Sta. Coloma de Cervell\u00f3 desde el a\u00f1o 1986, primero en la Plaza Constituci\u00f3n y en la parafarm\u00e1cia de la Colonia G\u00fcell en la Plaza Eusebi G\u00fcell. Nos trasladamos a nuestra actual direcci\u00f3n&#8230;<\/p>\n","protected":false},"author":1,"featured_media":0,"parent":0,"menu_order":0,"comment_status":"open","ping_status":"open","template":"","meta":{"footnotes":""},"class_list":["post-25","page","type-page","status-publish","hentry"],"_links":{"self":[{"href":"https:\/\/www.farmaciatura.com\/es\/wp-json\/wp\/v2\/pages\/25","targetHints":{"allow":["GET"]}}],"collection":[{"href":"https:\/\/www.farmaciatura.com\/es\/wp-json\/wp\/v2\/pages"}],"about":[{"href":"https:\/\/www.farmaciatura.com\/es\/wp-json\/wp\/v2\/types\/page"}],"author":[{"embeddable":true,"href":"https:\/\/www.farmaciatura.com\/es\/wp-json\/wp\/v2\/users\/1"}],"replies":[{"embeddable":true,"href":"https:\/\/www.farmaciatura.com\/es\/wp-json\/wp\/v2\/comments?post=25"}],"version-history":[{"count":17,"href":"https:\/\/www.farmaciatura.com\/es\/wp-json\/wp\/v2\/pages\/25\/revisions"}],"predecessor-version":[{"id":361,"href":"https:\/\/www.farmaciatura.com\/es\/wp-json\/wp\/v2\/pages\/25\/revisions\/361"}],"wp:attachment":[{"href":"https:\/\/www.farmaciatura.com\/es\/wp-json\/wp\/v2\/media?parent=25"}],"curies":[{"name":"wp","href":"https:\/\/api.w.org\/{rel}","templated":true}]}}