{"id":27,"date":"2015-07-08T08:00:30","date_gmt":"2015-07-08T08:00:30","guid":{"rendered":"http:\/\/farmacies.ecoceutics.com\/?page_id=27"},"modified":"2015-11-09T13:53:29","modified_gmt":"2015-11-09T13:53:29","slug":"servicios","status":"publish","type":"page","link":"https:\/\/www.farmaciatura.com\/es\/servicios\/","title":{"rendered":"Servicios"},"content":{"rendered":"<section class=\"wpb-content-wrapper\"><p>[vc_row full_width=\u00bb\u00bb parallax=\u00bb\u00bb parallax_image=\u00bb\u00bb has_content=\u00bbtrue\u00bb][vc_column width=\u00bb1\/4&#8243;][vc_column_text]<img loading=\"lazy\" decoding=\"async\" class=\"alignnone size-full wp-image-362\" src=\"http:\/\/www.farmaciatura.com\/es\/wp-content\/uploads\/sites\/5\/2015\/07\/img-serveis-11.jpg\" alt=\"img-serveis-1\" width=\"1024\" height=\"869\" srcset=\"https:\/\/www.farmaciatura.com\/es\/wp-content\/uploads\/sites\/5\/2015\/07\/img-serveis-11.jpg 1024w, https:\/\/www.farmaciatura.com\/es\/wp-content\/uploads\/sites\/5\/2015\/07\/img-serveis-11-300x255.jpg 300w, https:\/\/www.farmaciatura.com\/es\/wp-content\/uploads\/sites\/5\/2015\/07\/img-serveis-11-370x314.jpg 370w, https:\/\/www.farmaciatura.com\/es\/wp-content\/uploads\/sites\/5\/2015\/07\/img-serveis-11-360x306.jpg 360w\" sizes=\"auto, (max-width: 1024px) 100vw, 1024px\" \/><img loading=\"lazy\" decoding=\"async\" class=\"alignnone wp-image-363 size-full\" src=\"http:\/\/www.farmaciatura.com\/es\/wp-content\/uploads\/sites\/5\/2015\/07\/img-serveis-21.jpg\" alt=\"\" width=\"1024\" height=\"869\" srcset=\"https:\/\/www.farmaciatura.com\/es\/wp-content\/uploads\/sites\/5\/2015\/07\/img-serveis-21.jpg 1024w, https:\/\/www.farmaciatura.com\/es\/wp-content\/uploads\/sites\/5\/2015\/07\/img-serveis-21-300x255.jpg 300w, https:\/\/www.farmaciatura.com\/es\/wp-content\/uploads\/sites\/5\/2015\/07\/img-serveis-21-370x314.jpg 370w, https:\/\/www.farmaciatura.com\/es\/wp-content\/uploads\/sites\/5\/2015\/07\/img-serveis-21-360x306.jpg 360w\" sizes=\"auto, (max-width: 1024px) 100vw, 1024px\" \/><img loading=\"lazy\" decoding=\"async\" class=\"alignnone wp-image-364 size-full\" src=\"http:\/\/www.farmaciatura.com\/es\/wp-content\/uploads\/sites\/5\/2015\/07\/img-serveis-31.jpg\" alt=\"\" width=\"1024\" height=\"869\" srcset=\"https:\/\/www.farmaciatura.com\/es\/wp-content\/uploads\/sites\/5\/2015\/07\/img-serveis-31.jpg 1024w, https:\/\/www.farmaciatura.com\/es\/wp-content\/uploads\/sites\/5\/2015\/07\/img-serveis-31-300x255.jpg 300w, https:\/\/www.farmaciatura.com\/es\/wp-content\/uploads\/sites\/5\/2015\/07\/img-serveis-31-370x314.jpg 370w, https:\/\/www.farmaciatura.com\/es\/wp-content\/uploads\/sites\/5\/2015\/07\/img-serveis-31-360x306.jpg 360w\" sizes=\"auto, (max-width: 1024px) 100vw, 1024px\" \/>[\/vc_column_text][\/vc_column][vc_column width=\u00bb3\/4&#8243;][heading size=\u00bb1&#8243; heading_class=\u00bbcontent_heading\u00bb]<strong>Dermocosm\u00e9tica<\/strong>[\/heading][vc_column_text]Control de la hidrataci\u00f3n de la piel con el sistema <em>Dermoanalitzer<\/em>. Te aconsejamos sobre el mejor tratamiento para cada tipo de piel.<br \/>\n<strong>Servicio gratuito<\/strong>, p\u00eddenos hora![\/vc_column_text][heading size=\u00bb1&#8243; heading_class=\u00bbcontent_heading\u00bb]<strong>Control capilar<\/strong>[\/heading][vc_column_text]Estudio de tu cabello y sus caracter\u00edsticas. Te aconsejamos sobre el mejor tratamiento.<br \/>\n<strong>Servicio gratuito<\/strong>, p\u00eddenos hora! [\/vc_column_text][heading size=\u00bb1&#8243; heading_class=\u00bbcontent_heading\u00bb]<strong>Dietas Personalizadas<\/strong>[\/heading][vc_column_text]Aprende a comer bien y adelgazar\u00e1s.<br \/>\n<strong>Pide hora con nuestra Nutricionista!<\/strong>[\/vc_column_text][heading size=\u00bb1&#8243; heading_class=\u00bbcontent_heading\u00bb]<strong>Elaboraci\u00f3n de tapones de silicona a medida<\/strong>[\/heading][vc_column_text]Son tapones de silicona para los o\u00eddos hechos a medida para quien tenga problemas de otitis se pueda ba\u00f1ar sin problema. Muy indicados para los ni\u00f1os.[\/vc_column_text][heading size=\u00bb1&#8243; heading_class=\u00bbcontent_heading\u00bb]<strong>Complementos alimentarios<\/strong>[\/heading][vc_column_text]Disponemos de productos diet\u00e9ticos para cel\u00edacos, diab\u00e9ticos, intolerantes a la lactosa y tambi\u00e9n para deportistas.[\/vc_column_text][heading size=\u00bb1&#8243; heading_class=\u00bbcontent_heading\u00bb]<strong>Terapias naturales<\/strong>[\/heading][vc_column_text]Nuestros especialistas te orientar\u00e1n sobre el mejor tratamiento natural, ya sea Homeopat\u00eda, Fitoterapia o Aromaterapia.[\/vc_column_text][heading size=\u00bb1&#8243; heading_class=\u00bbcontent_heading\u00bb]<strong>Control de glucemia y colesterol<\/strong>[\/heading][heading size=\u00bb1&#8243; heading_class=\u00bbcontent_heading\u00bb]<strong>Cuidamos de las madres<\/strong>[\/heading][vc_column_text]No dud\u00e9is en pedir consejos sobre el extenso surtido de productos para ti y para tu beb\u00e9, te obsequiaremos con una agenda del embarazo.[\/vc_column_text][heading size=\u00bb1&#8243; heading_class=\u00bbcontent_heading\u00bb]<strong>Tarjeta cliente<\/strong>[\/heading][vc_column_text]Pide tu tarjeta cliente para obtener las mejores ventajas en tus compras.[\/vc_column_text][\/vc_column][\/vc_row][vc_row][vc_column][vc_column_text][\/vc_column_text][\/vc_column][\/vc_row]<\/p>\n<\/section>","protected":false},"excerpt":{"rendered":"<p>[vc_row full_width=\u00bb\u00bb parallax=\u00bb\u00bb parallax_image=\u00bb\u00bb has_content=\u00bbtrue\u00bb][vc_column width=\u00bb1\/4&#8243;][vc_column_text][\/vc_column_text][\/vc_column][vc_column width=\u00bb3\/4&#8243;][heading size=\u00bb1&#8243; heading_class=\u00bbcontent_heading\u00bb]Dermocosm\u00e9tica[\/heading][vc_column_text]Control de la hidrataci\u00f3n de la piel con el sistema Dermoanalitzer. Te aconsejamos sobre el mejor tratamiento para cada tipo de piel. Servicio gratuito, p\u00eddenos hora![\/vc_column_text][heading size=\u00bb1&#8243; heading_class=\u00bbcontent_heading\u00bb]Control capilar[\/heading][vc_column_text]Estudio de tu cabello&#8230;<\/p>\n","protected":false},"author":1,"featured_media":0,"parent":0,"menu_order":0,"comment_status":"open","ping_status":"open","template":"","meta":{"footnotes":""},"class_list":["post-27","page","type-page","status-publish","hentry"],"_links":{"self":[{"href":"https:\/\/www.farmaciatura.com\/es\/wp-json\/wp\/v2\/pages\/27","targetHints":{"allow":["GET"]}}],"collection":[{"href":"https:\/\/www.farmaciatura.com\/es\/wp-json\/wp\/v2\/pages"}],"about":[{"href":"https:\/\/www.farmaciatura.com\/es\/wp-json\/wp\/v2\/types\/page"}],"author":[{"embeddable":true,"href":"https:\/\/www.farmaciatura.com\/es\/wp-json\/wp\/v2\/users\/1"}],"replies":[{"embeddable":true,"href":"https:\/\/www.farmaciatura.com\/es\/wp-json\/wp\/v2\/comments?post=27"}],"version-history":[{"count":20,"href":"https:\/\/www.farmaciatura.com\/es\/wp-json\/wp\/v2\/pages\/27\/revisions"}],"predecessor-version":[{"id":365,"href":"https:\/\/www.farmaciatura.com\/es\/wp-json\/wp\/v2\/pages\/27\/revisions\/365"}],"wp:attachment":[{"href":"https:\/\/www.farmaciatura.com\/es\/wp-json\/wp\/v2\/media?parent=27"}],"curies":[{"name":"wp","href":"https:\/\/api.w.org\/{rel}","templated":true}]}}