{"id":5,"date":"2015-07-07T13:39:09","date_gmt":"2015-07-07T13:39:09","guid":{"rendered":"http:\/\/farmacies.ecoceutics.com\/?page_id=5"},"modified":"2018-01-12T12:52:07","modified_gmt":"2018-01-12T12:52:07","slug":"home","status":"publish","type":"page","link":"https:\/\/www.farmaciatura.com\/es\/","title":{"rendered":"Home"},"content":{"rendered":"<section class=\"wpb-content-wrapper\"><p>[vc_row has_content=\u00bbtrue\u00bb css=\u00bb.vc_custom_1436281408427{margin-top: -60px !important;margin-bottom: 0px !important;}\u00bb][vc_column width=\u00bb1\/1&#8243;][rev_slider_vc alias=\u00bbslider-ecoceutics-farmacies\u00bb][\/vc_column][\/vc_row][vc_row has_content=\u00bbinside\u00bb id=\u00bbbanners\u00bb][vc_column width=\u00bb1\/3&#8243;][vc_column_text]<a href=\"http:\/\/www.farmaciatura.com\/es\/encargos-24h\/\" target=\"_blank\"><img loading=\"lazy\" decoding=\"async\" class=\"alignnone size-full wp-image-315\" src=\"http:\/\/www.farmaciatura.com\/es\/wp-content\/uploads\/sites\/5\/2015\/10\/banner-encarrecs50-es.jpg\" alt=\"banner-encarrecs50-es\" width=\"720\" height=\"536\" srcset=\"https:\/\/www.farmaciatura.com\/es\/wp-content\/uploads\/sites\/5\/2015\/10\/banner-encarrecs50-es.jpg 720w, https:\/\/www.farmaciatura.com\/es\/wp-content\/uploads\/sites\/5\/2015\/10\/banner-encarrecs50-es-300x223.jpg 300w, https:\/\/www.farmaciatura.com\/es\/wp-content\/uploads\/sites\/5\/2015\/10\/banner-encarrecs50-es-370x275.jpg 370w, https:\/\/www.farmaciatura.com\/es\/wp-content\/uploads\/sites\/5\/2015\/10\/banner-encarrecs50-es-360x267.jpg 360w\" sizes=\"auto, (max-width: 720px) 100vw, 720px\" \/><\/a><a href=\"http:\/\/www.farmaciatura.com\/es\/wp-content\/uploads\/sites\/5\/2015\/10\/banner-ofertes-es.jpg\"><img loading=\"lazy\" decoding=\"async\" class=\"alignnone size-full wp-image-317\" src=\"http:\/\/www.farmaciatura.com\/es\/wp-content\/uploads\/sites\/5\/2015\/10\/banner-ofertes-es.jpg\" alt=\"banner-ofertes-es\" width=\"720\" height=\"536\" srcset=\"https:\/\/www.farmaciatura.com\/es\/wp-content\/uploads\/sites\/5\/2015\/10\/banner-ofertes-es.jpg 720w, https:\/\/www.farmaciatura.com\/es\/wp-content\/uploads\/sites\/5\/2015\/10\/banner-ofertes-es-300x223.jpg 300w, https:\/\/www.farmaciatura.com\/es\/wp-content\/uploads\/sites\/5\/2015\/10\/banner-ofertes-es-370x275.jpg 370w, https:\/\/www.farmaciatura.com\/es\/wp-content\/uploads\/sites\/5\/2015\/10\/banner-ofertes-es-360x267.jpg 360w\" sizes=\"auto, (max-width: 720px) 100vw, 720px\" \/><\/a>[\/vc_column_text][\/vc_column][vc_column width=\u00bb1\/3&#8243;][vc_column_text]<a href=\"http:\/\/www.farmaciatura.com\/es\/actividades\/\"><img loading=\"lazy\" decoding=\"async\" class=\"alignnone size-full wp-image-229\" src=\"http:\/\/www.farmaciatura.com\/es\/wp-content\/uploads\/sites\/5\/2015\/10\/banner-apuntat-es.jpg\" alt=\"banner-apuntat\" width=\"720\" height=\"536\" \/><\/a><a href=\"http:\/\/www.farmaciatura.com\/es\/servicios\/\"><img loading=\"lazy\" decoding=\"async\" class=\"alignnone size-full wp-image-211\" src=\"http:\/\/www.farmaciatura.com\/es\/wp-content\/uploads\/sites\/5\/2015\/10\/banner-serveisalanostrafarmacia-es.jpg\" alt=\"banner-serveisalanostrafarmacia\" width=\"720\" height=\"536\" \/><\/a>[\/vc_column_text][\/vc_column][vc_column width=\u00bb1\/3&#8243;][vc_column_text]<a href=\"http:\/\/fidfarma.ecoceutics.com\/club\/\" target=\"_blank\"><img loading=\"lazy\" decoding=\"async\" class=\"alignnone size-full wp-image-231\" src=\"http:\/\/www.farmaciatura.com\/es\/wp-content\/uploads\/sites\/5\/2015\/10\/banner-club-ecoceutics-es.jpg\" alt=\"banner-club-ecoceutics\" width=\"720\" height=\"536\" \/><\/a><img loading=\"lazy\" decoding=\"async\" class=\"alignnone size-full wp-image-235\" src=\"http:\/\/www.farmaciatura.com\/es\/wp-content\/uploads\/sites\/5\/2015\/10\/banner-ioma-es.jpg\" alt=\"banner-ioma\" width=\"720\" height=\"536\" \/>[\/vc_column_text][\/vc_column][\/vc_row][vc_row has_content=\u00bbtrue\u00bb css=\u00bb.vc_custom_1436349171857{margin-top: 40px !important;margin-bottom: 40px !important;}\u00bb][vc_column width=\u00bb1\/2&#8243;][heading size=\u00bb1&#8243; heading_class=\u00bbcontent_heading\u00bb]<strong>CONTACTA CON NOSOTROS<\/strong>[\/heading][vc_column_text][heading size=\u00bb2&#8243; heading_class=\u00bbcontent_heading\u00bb h_id=\u00bb\u00bb h_class=\u00bb\u00bb]Farmacia Jaume Tura[\/heading]<\/p>\n<p>Avenida Santa Coloma, 1-3 \u00b7 08690 Santa Coloma De Cervell\u00f3 (Barcelona)<\/p>\n<p>Tel\u00e9fono +34 936 34 11 19<img loading=\"lazy\" decoding=\"async\" class=\"icon-formulari alignright wp-image-71 size-full\" src=\"http:\/\/www.farmaciatura.com\/wp-content\/uploads\/sites\/5\/2015\/07\/icon-formulari.png\" alt=\"icon-formulari\" width=\"247\" height=\"215\" \/><\/p>\n<p><a href=\"mailto:farmaciatura@ecoceutics.com\">farmaciatura@ecoceutics.com<\/a><\/p>\n<p>&nbsp;<\/p>\n<p>[heading size=\u00bb2&#8243; heading_class=\u00bbcontent_heading\u00bb h_id=\u00bb\u00bb h_class=\u00bb\u00bb]Horari[\/heading]<\/p>\n<p><strong>Lunes a Viernes<\/strong><br \/>\n9:00 a 21:00h<\/p>\n<p><strong>S\u00e1bados<\/strong><br \/>\n9:00 a 13:30 y 17:00 a 20:00<\/p>\n<p><strong>Domingos y festivos<\/strong><br \/>\n11:00 a 14:00<br \/>\n(excepto julio y agosto cerrado)[\/vc_column_text][\/vc_column][vc_column width=\u00bb1\/2&#8243;]\n<div class=\"wpcf7 no-js\" id=\"wpcf7-f4-o1\" lang=\"ca\" dir=\"ltr\" data-wpcf7-id=\"4\">\n<div class=\"screen-reader-response\"><p role=\"status\" aria-live=\"polite\" aria-atomic=\"true\"><\/p> <ul><\/ul><\/div>\n<form action=\"\/es\/wp-json\/wp\/v2\/pages\/5#wpcf7-f4-o1\" method=\"post\" class=\"wpcf7-form init\" aria-label=\"Formulari de contacte\" novalidate=\"novalidate\" data-status=\"init\">\n<fieldset class=\"hidden-fields-container\"><input type=\"hidden\" name=\"_wpcf7\" value=\"4\" \/><input type=\"hidden\" name=\"_wpcf7_version\" value=\"6.1.5\" \/><input type=\"hidden\" name=\"_wpcf7_locale\" value=\"ca\" \/><input type=\"hidden\" name=\"_wpcf7_unit_tag\" value=\"wpcf7-f4-o1\" \/><input type=\"hidden\" name=\"_wpcf7_container_post\" value=\"0\" \/><input type=\"hidden\" name=\"_wpcf7_posted_data_hash\" value=\"\" \/>\n<\/fieldset>\n<div class=\"columna1\">\n\t<p><span class=\"wpcf7-form-control-wrap\" data-name=\"nomicognoms\"><input size=\"40\" maxlength=\"400\" class=\"wpcf7-form-control wpcf7-text wpcf7-validates-as-required\" aria-required=\"true\" aria-invalid=\"false\" placeholder=\"Nombre y apellidos *\" value=\"\" type=\"text\" name=\"nomicognoms\" \/><\/span>\n\t<\/p>\n<\/div>\n<div class=\"columna2\">\n\t<p><span class=\"wpcf7-form-control-wrap\" data-name=\"email\"><input size=\"40\" maxlength=\"400\" class=\"wpcf7-form-control wpcf7-text wpcf7-validates-as-required\" aria-required=\"true\" aria-invalid=\"false\" placeholder=\"Correo electr\u00f3nico *\" value=\"\" type=\"text\" name=\"email\" \/><\/span>\n\t<\/p>\n<\/div>\n<div class=\"columna\">\n\t<p><span class=\"wpcf7-form-control-wrap\" data-name=\"comentari\"><textarea cols=\"40\" rows=\"10\" maxlength=\"2000\" class=\"wpcf7-form-control wpcf7-textarea wpcf7-validates-as-required\" aria-required=\"true\" aria-invalid=\"false\" placeholder=\"Comentario *\" name=\"comentari\"><\/textarea><\/span>\n\t<\/p>\n<\/div>\n<div class=\"espai\">\n<\/div>\n<div class=\"avislegal\">\n\t<p><strong>Aviso legal.-<\/strong> En virtud de lo dispuesto en la Ley 15\/1999, de 13 de diciembre, de Protecci\u00f3n de Datos de Car\u00e1cter Personal, le informamos que mediante la cumplimentaci\u00f3n y env\u00edo del presente formulario todos los datos personales facilitados ser\u00e1n tratados por la farmacia Jaume Tura, propietaria de esta web, con la \u00fanica finalidad de prestar el servicio solicitado.\n\t<\/p>\n<\/div>\n<div class=\"espai\">\n<\/div>\n<p><span class=\"wpcf7-form-control-wrap\" data-name=\"avislegal\"><span class=\"wpcf7-form-control wpcf7-acceptance\"><span class=\"wpcf7-list-item\"><input type=\"checkbox\" name=\"avislegal\" value=\"1\" aria-invalid=\"false\" \/><\/span><\/span><\/span> He le\u00eddo y acepto el Aviso legal.\n<\/p>\n<div class=\"espai\">\n<\/div>\n<div class=\"espai\">\n<\/div>\n<p><span class=\"asterisc\"><em>* Campos obligatorios.<\/em><\/span>\n<\/p>\n<div class=\"espai\">\n<\/div>\n<p><input class=\"wpcf7-form-control wpcf7-submit has-spinner bt-enviar-formhome\" type=\"submit\" value=\"Enviar\" \/>\n<\/p><div class=\"wpcf7-response-output\" aria-hidden=\"true\"><\/div>\n<\/form>\n<\/div>\n[\/vc_column][\/vc_row][vc_row has_content=\u00bbfalse\u00bb][vc_column width=\u00bb1\/1&#8243;][google_maps_advanced zoom=\u00bb16&#8243;][google_maps_advanced_item pin=\u00bb61&#8243; info=\u00bbFarm\u00e0cia Jaume Tura<br \/>\nAvinguda Santa Coloma, 1-3<br \/>\n08690 Santa Coloma De Cervello<br \/>\n(Barcelona)\u00bb]Avinguda Santa Coloma, 1-3 \u00b7 08690 Santa Coloma De Cervello (Barcelona)[\/google_maps_advanced_item][\/google_maps_advanced][\/vc_column][\/vc_row]<\/p>\n<\/section>","protected":false},"excerpt":{"rendered":"<p>[vc_row has_content=\u00bbtrue\u00bb css=\u00bb.vc_custom_1436281408427{margin-top: -60px !important;margin-bottom: 0px !important;}\u00bb][vc_column width=\u00bb1\/1&#8243;][rev_slider_vc alias=\u00bbslider-ecoceutics-farmacies\u00bb][\/vc_column][\/vc_row][vc_row has_content=\u00bbinside\u00bb id=\u00bbbanners\u00bb][vc_column width=\u00bb1\/3&#8243;][vc_column_text][\/vc_column_text][\/vc_column][vc_column width=\u00bb1\/3&#8243;][vc_column_text][\/vc_column_text][\/vc_column][vc_column width=\u00bb1\/3&#8243;][vc_column_text][\/vc_column_text][\/vc_column][\/vc_row][vc_row has_content=\u00bbtrue\u00bb css=\u00bb.vc_custom_1436349171857{margin-top: 40px !important;margin-bottom: 40px !important;}\u00bb][vc_column width=\u00bb1\/2&#8243;][heading size=\u00bb1&#8243; heading_class=\u00bbcontent_heading\u00bb]CONTACTA CON NOSOTROS[\/heading][vc_column_text][heading size=\u00bb2&#8243; heading_class=\u00bbcontent_heading\u00bb h_id=\u00bb\u00bb h_class=\u00bb\u00bb]Farmacia Jaume Tura[\/heading] Avenida Santa Coloma, 1-3 \u00b7 08690 Santa Coloma De&#8230;<\/p>\n","protected":false},"author":1,"featured_media":0,"parent":0,"menu_order":0,"comment_status":"open","ping_status":"open","template":"","meta":{"footnotes":""},"class_list":["post-5","page","type-page","status-publish","hentry"],"_links":{"self":[{"href":"https:\/\/www.farmaciatura.com\/es\/wp-json\/wp\/v2\/pages\/5","targetHints":{"allow":["GET"]}}],"collection":[{"href":"https:\/\/www.farmaciatura.com\/es\/wp-json\/wp\/v2\/pages"}],"about":[{"href":"https:\/\/www.farmaciatura.com\/es\/wp-json\/wp\/v2\/types\/page"}],"author":[{"embeddable":true,"href":"https:\/\/www.farmaciatura.com\/es\/wp-json\/wp\/v2\/users\/1"}],"replies":[{"embeddable":true,"href":"https:\/\/www.farmaciatura.com\/es\/wp-json\/wp\/v2\/comments?post=5"}],"version-history":[{"count":51,"href":"https:\/\/www.farmaciatura.com\/es\/wp-json\/wp\/v2\/pages\/5\/revisions"}],"predecessor-version":[{"id":409,"href":"https:\/\/www.farmaciatura.com\/es\/wp-json\/wp\/v2\/pages\/5\/revisions\/409"}],"wp:attachment":[{"href":"https:\/\/www.farmaciatura.com\/es\/wp-json\/wp\/v2\/media?parent=5"}],"curies":[{"name":"wp","href":"https:\/\/api.w.org\/{rel}","templated":true}]}}